{"id":1122,"date":"2013-09-26T18:04:49","date_gmt":"2013-09-26T16:04:49","guid":{"rendered":"https:\/\/zentrumfuerweiblichkeit.de\/?page_id=1122"},"modified":"2023-10-25T15:27:54","modified_gmt":"2023-10-25T13:27:54","slug":"the-feminine","status":"publish","type":"page","link":"https:\/\/zentrumfuerweiblichkeit.de\/en\/the-feminine\/","title":{"rendered":"The Feminine"},"content":{"rendered":"<p>Currently our texts are not all available in English yet. Please use an online program to translate.<\/p>\n<p><a class=\"cta\" title=\"A feminine body needs a feminine medicine!\" href=\"https:\/\/zentrumfuerweiblichkeit.de\/en\/a-feminine-body-needs-a-feminine-medicine\/\">A feminine body needs a feminine medicine!<\/a><\/p>\n<p>&nbsp;<\/p>\n<ul class=\"flowerlist\">\n<li><span style=\"color: #c12e54;\"><span style=\"color: #000000;\"><a title=\"Chinesische Medizin und Weiblichkeit\" href=\"https:\/\/zentrumfuerweiblichkeit.de\/chinesische-medizin-und-weiblichkeit\/\">Chinesische Medizin und Weiblichkeit<\/a><br \/>\nWas die chinesische Medizin mit Weiblichkeit zu tun hat<\/span><\/span><\/li>\n<li><span style=\"color: #999999;\"><span style=\"color: #999999;\"><span style=\"color: #000000;\"><a title=\"Ber\u00fchrung heilt\" href=\"https:\/\/zentrumfuerweiblichkeit.de\/beruhrung-heilt\/\">Ber\u00fchrung heilt<\/a><\/span><br \/>\n<\/span><span style=\"color: #000000;\">Ber\u00fchrung ist eine biologische Notwendigkeit &#8211; ohne sie verk\u00fcmmern K\u00f6rper und Seele!<\/span><a title=\"Ber\u00fchrung heilt\" href=\"https:\/\/zentrumfuerweiblichkeit.de\/beruhrung-heilt\/\"><span style=\"color: #999999;\"><br \/>\n<\/span><\/a><\/span><\/li>\n<li><a title=\"Das Wohlf\u00fchl-Hormon Oxytocin\" href=\"https:\/\/zentrumfuerweiblichkeit.de\/das-wohlfuhl-hormon-oxytocin\/\">Das Wohlf\u00fchl-Hormon Oxytocin<br \/>\n<\/a>Was macht Frauen gl\u00fccklich?\u00a0<a title=\"Das Wohlf\u00fchl-Hormon Oxytocin\" href=\"https:\/\/zentrumfuerweiblichkeit.de\/das-wohlfuhl-hormon-oxytocin\/\"><br \/>\n<\/a><\/li>\n<li><a title=\"Psychoneuroimmunologie und Weiblichkeit\" href=\"https:\/\/zentrumfuerweiblichkeit.de\/psychoneuroimmunologie-und-weiblichkeit\/\">Psychoneuroimmunologie und Weiblichkeit<br \/>\n<\/a>Neuste Erkenntnisse aus der Wissenschaft<\/li>\n<li><a title=\"Herzenergie\" href=\"https:\/\/zentrumfuerweiblichkeit.de\/herzenergie\/\">Herzenergie<br \/>\n<\/a>&#8220;Nur mit dem Herzen sieht man gut!&#8221;<\/li>\n<li><a title=\"Was ist Weiblichkeit?\" href=\"https:\/\/zentrumfuerweiblichkeit.de\/was-ist-weiblichkeit\/\">Was ist Weiblichkeit?<br \/>\n<\/a>Ich bin eine Frau &#8211; aber bin ich weiblich?<\/li>\n<li><a title=\"Ganz Frau sein in unserer Gesellschaft\" href=\"https:\/\/zentrumfuerweiblichkeit.de\/ganz-frau-sein-in-unserer-gesellschaft\/\">Ganz Frau sein in unserer Gesellschaft<br \/>\n<\/a>F\u00fcr ein erf\u00fclltes, gesundes Frau sein heute!<\/li>\n<li><a title=\"Die Wechseljahre oder der Kinderwunsch der reifen Frau\" href=\"https:\/\/zentrumfuerweiblichkeit.de\/die-wechseljahre-oder-der-kinderwunsch-der-reifen-frau\/\">Die Wechseljahre<br \/>\n<\/a>Oder der Kinderwunsch der reifen Frau?<\/li>\n<li><a title=\"Gibt es eine weibliche spirituelle Praxis?\" href=\"https:\/\/zentrumfuerweiblichkeit.de\/gibt-es-eine-weibliche-spirituelle-praxis\/\">Weiblich intuitive Praxis<\/a><br \/>\nWie ich mein Leben wieder intuitiver und kreativer gestalten kann<\/li>\n<li><a title=\"Wieso brauchen wir Frauen eine andere Praxis als M\u00e4nner?\" href=\"https:\/\/zentrumfuerweiblichkeit.de\/wieso-brauchen-wir-frauen-eine-andere-praxis-als-manner\/\">Wieso brauchen wir Frauen eine andere Praxis als M\u00e4nner?<br \/>\n<\/a>Doch ein kleiner Unterschied?<\/li>\n<li><a title=\"Weiblichkeit und ihre vielen Gesichter: die Opferhaltung\" href=\"https:\/\/zentrumfuerweiblichkeit.de\/weiblichkeit-und-ihre-vielen-gesichter-die-opferhaltung\/\">Weiblichkeit und ihre vielen Gesichter: die Opferhaltung<\/a><br \/>\nDie Frau und ihr kollektives Rollenerbe &#8211; und wie wir damit umgehen k\u00f6nnen<\/li>\n<li><a title=\"Awakening Women Institute \u2013 was ist das?\" href=\"https:\/\/zentrumfuerweiblichkeit.de\/awakening-women-institute-was-ist-das\/\">Awakening Women Institute &#8211; was ist das?<br \/>\n<\/a>Die Pionierinnen-Arbeit von Chameli Ardagh<\/li>\n<\/ul>\n","protected":false},"excerpt":{"rendered":"<p>Currently our texts are not all available in English yet. Please use an online program to translate. A feminine body needs a feminine medicine! &nbsp; Chinesische Medizin und Weiblichkeit Was die chinesische Medizin mit Weiblichkeit zu tun hat Ber\u00fchrung heilt Ber\u00fchrung ist eine biologische Notwendigkeit &#8211; ohne sie verk\u00fcmmern K\u00f6rper und Seele! Das Wohlf\u00fchl-Hormon Oxytocin [&hellip;]<\/p>\n","protected":false},"author":1,"featured_media":0,"parent":0,"menu_order":0,"comment_status":"open","ping_status":"open","template":"","meta":[],"_links":{"self":[{"href":"https:\/\/zentrumfuerweiblichkeit.de\/en\/wp-json\/wp\/v2\/pages\/1122"}],"collection":[{"href":"https:\/\/zentrumfuerweiblichkeit.de\/en\/wp-json\/wp\/v2\/pages"}],"about":[{"href":"https:\/\/zentrumfuerweiblichkeit.de\/en\/wp-json\/wp\/v2\/types\/page"}],"author":[{"embeddable":true,"href":"https:\/\/zentrumfuerweiblichkeit.de\/en\/wp-json\/wp\/v2\/users\/1"}],"replies":[{"embeddable":true,"href":"https:\/\/zentrumfuerweiblichkeit.de\/en\/wp-json\/wp\/v2\/comments?post=1122"}],"version-history":[{"count":8,"href":"https:\/\/zentrumfuerweiblichkeit.de\/en\/wp-json\/wp\/v2\/pages\/1122\/revisions"}],"predecessor-version":[{"id":2485,"href":"https:\/\/zentrumfuerweiblichkeit.de\/en\/wp-json\/wp\/v2\/pages\/1122\/revisions\/2485"}],"wp:attachment":[{"href":"https:\/\/zentrumfuerweiblichkeit.de\/en\/wp-json\/wp\/v2\/media?parent=1122"}],"curies":[{"name":"wp","href":"https:\/\/api.w.org\/{rel}","templated":true}]}}